
{"id":4879,"date":"2020-11-11T18:22:47","date_gmt":"2020-11-11T21:22:47","guid":{"rendered":"http:\/\/www.edufma.ufma.br\/?page_id=4879"},"modified":"2026-01-16T10:12:39","modified_gmt":"2026-01-16T13:12:39","slug":"contatos","status":"publish","type":"page","link":"https:\/\/www.edufma.ufma.br\/index.php\/contatos\/","title":{"rendered":"Contatos"},"content":{"rendered":"<p align=\"center\"><strong><span style=\"font-family: Calibri, sans-serif;\"><span style=\"font-size: large;\">NOSSOS CONTATOS (Telefone, e-mail e Instagram)<\/span><\/span><\/strong><\/p>\n<p align=\"center\"><strong><span style=\"font-family: Calibri, sans-serif;\"><span style=\"font-size: large;\">\u00a0 <\/span><\/span><\/strong><strong><span style=\"font-family: Calibri, sans-serif;\"><span style=\"font-size: large;\">(98) 3272-8157 \u00a0 (98) 3272-8158 <\/span><\/span><\/strong><strong><span style=\"font-family: Calibri, sans-serif;\"><span style=\"font-size: large;\">(98) 3272-8159\u00a0\u00a0<\/span><\/span><\/strong><\/p>\n<p align=\"center\"><strong><span style=\"font-family: Calibri, sans-serif;\"><span style=\"font-size: large;\">edufma@ufma.br<\/span><\/span><\/strong><\/p>\n<p align=\"center\"><strong><span style=\"font-family: Calibri, sans-serif;\"><span style=\"font-size: large;\">@edufmaoficial<\/span><\/span><\/strong><\/p>\n<p align=\"center\"><strong>\u00a0<span style=\"font-family: Calibri, sans-serif;\"><span style=\"font-size: large;\">ENDERE\u00c7O: Cidade Universit\u00e1ria Dom Delgado, Avenida dos Portugueses, n\u00ba1966, S\u00e3o Lu\u00eds-MA. Ponto de refer\u00eancia: Ao lado da Casa da Justi\u00e7a.<\/span><\/span><\/strong><\/p>\n<p align=\"center\"><strong>\u00a0\u00a0\u00a0<\/strong><\/p>\n<p>&nbsp;<\/p>\n","protected":false},"excerpt":{"rendered":"<p>NOSSOS CONTATOS (Telefone, e-mail e Instagram) \u00a0 (98) 3272-8157 \u00a0 (98) 3272-8158 (98) 3272-8159\u00a0\u00a0 edufma@ufma.br @edufmaoficial \u00a0ENDERE\u00c7O: Cidade Universit\u00e1ria Dom Delgado, Avenida dos Portugueses, n\u00ba1966, S\u00e3o Lu\u00eds-MA. Ponto de refer\u00eancia: Ao lado da Casa da Justi\u00e7a. \u00a0\u00a0\u00a0 &nbsp;<\/p>\n","protected":false},"author":1,"featured_media":0,"parent":0,"menu_order":0,"comment_status":"closed","ping_status":"closed","template":"","meta":[],"_links":{"self":[{"href":"https:\/\/www.edufma.ufma.br\/index.php\/wp-json\/wp\/v2\/pages\/4879"}],"collection":[{"href":"https:\/\/www.edufma.ufma.br\/index.php\/wp-json\/wp\/v2\/pages"}],"about":[{"href":"https:\/\/www.edufma.ufma.br\/index.php\/wp-json\/wp\/v2\/types\/page"}],"author":[{"embeddable":true,"href":"https:\/\/www.edufma.ufma.br\/index.php\/wp-json\/wp\/v2\/users\/1"}],"replies":[{"embeddable":true,"href":"https:\/\/www.edufma.ufma.br\/index.php\/wp-json\/wp\/v2\/comments?post=4879"}],"version-history":[{"count":30,"href":"https:\/\/www.edufma.ufma.br\/index.php\/wp-json\/wp\/v2\/pages\/4879\/revisions"}],"predecessor-version":[{"id":7787,"href":"https:\/\/www.edufma.ufma.br\/index.php\/wp-json\/wp\/v2\/pages\/4879\/revisions\/7787"}],"wp:attachment":[{"href":"https:\/\/www.edufma.ufma.br\/index.php\/wp-json\/wp\/v2\/media?parent=4879"}],"curies":[{"name":"wp","href":"https:\/\/api.w.org\/{rel}","templated":true}]}}