
{"id":3388,"date":"2016-05-27T09:33:23","date_gmt":"2016-05-27T12:33:23","guid":{"rendered":"http:\/\/www.edufma.ufma.br\/?page_id=3388"},"modified":"2025-09-12T10:35:59","modified_gmt":"2025-09-12T13:35:59","slug":"equipe","status":"publish","type":"page","link":"https:\/\/www.edufma.ufma.br\/index.php\/equipe\/","title":{"rendered":"Equipe"},"content":{"rendered":"<p style=\"text-align: center;\"><strong>\u00a0 \u00a0 IRENILMA CAD\u00caTE LIMA<\/strong><\/p>\n<p style=\"text-align: center;\"><strong>COORDENADORA<\/strong><\/p>\n<p>&nbsp;<\/p>\n<p style=\"text-align: center;\"><strong>CL\u00c1UBERSON CORREA CARVALHO<\/strong><\/p>\n<p style=\"text-align: center;\"><strong>ROBERT SILVA MENDES<\/strong><\/p>\n<p style=\"text-align: center;\"><strong><em>REVISORES DE TEXTOS<\/em><\/strong><\/p>\n<p>&nbsp;<\/p>\n<p style=\"text-align: center;\"><strong>FRANCISCO BATISTA FREIRE FILHO<\/strong><\/p>\n<p style=\"text-align: center;\"><strong><em>PATR\u00cdCIA R\u00c9GIA NIC\u00c1CIO FREIRE<\/em><\/strong><\/p>\n<p style=\"text-align: center;\"><strong><em>T\u00c9CNICOS EM ARTES GR\u00c1FICAS<\/em><\/strong><\/p>\n<p>&nbsp;<\/p>\n<p style=\"text-align: center;\"><strong>TAMIRES GOMES SOUSA<\/strong><\/p>\n<p style=\"text-align: center;\"><strong><em>ASSISTENTE EM ADMINISTRA\u00c7\u00c3O<\/em><\/strong><\/p>\n<p style=\"text-align: center;\">\n","protected":false},"excerpt":{"rendered":"<p>\u00a0 \u00a0 IRENILMA CAD\u00caTE LIMA COORDENADORA &nbsp; CL\u00c1UBERSON CORREA CARVALHO ROBERT SILVA MENDES REVISORES DE TEXTOS &nbsp; FRANCISCO BATISTA FREIRE FILHO PATR\u00cdCIA R\u00c9GIA NIC\u00c1CIO FREIRE T\u00c9CNICOS EM ARTES GR\u00c1FICAS &nbsp; TAMIRES GOMES SOUSA ASSISTENTE EM ADMINISTRA\u00c7\u00c3O<\/p>\n","protected":false},"author":1,"featured_media":0,"parent":0,"menu_order":0,"comment_status":"closed","ping_status":"closed","template":"","meta":[],"_links":{"self":[{"href":"https:\/\/www.edufma.ufma.br\/index.php\/wp-json\/wp\/v2\/pages\/3388"}],"collection":[{"href":"https:\/\/www.edufma.ufma.br\/index.php\/wp-json\/wp\/v2\/pages"}],"about":[{"href":"https:\/\/www.edufma.ufma.br\/index.php\/wp-json\/wp\/v2\/types\/page"}],"author":[{"embeddable":true,"href":"https:\/\/www.edufma.ufma.br\/index.php\/wp-json\/wp\/v2\/users\/1"}],"replies":[{"embeddable":true,"href":"https:\/\/www.edufma.ufma.br\/index.php\/wp-json\/wp\/v2\/comments?post=3388"}],"version-history":[{"count":50,"href":"https:\/\/www.edufma.ufma.br\/index.php\/wp-json\/wp\/v2\/pages\/3388\/revisions"}],"predecessor-version":[{"id":7564,"href":"https:\/\/www.edufma.ufma.br\/index.php\/wp-json\/wp\/v2\/pages\/3388\/revisions\/7564"}],"wp:attachment":[{"href":"https:\/\/www.edufma.ufma.br\/index.php\/wp-json\/wp\/v2\/media?parent=3388"}],"curies":[{"name":"wp","href":"https:\/\/api.w.org\/{rel}","templated":true}]}}