
{"id":275,"date":"2014-07-03T18:05:19","date_gmt":"2014-07-03T18:05:19","guid":{"rendered":"http:\/\/www.edufma.ufma.br\/?page_id=275"},"modified":"2026-03-17T10:57:19","modified_gmt":"2026-03-17T13:57:19","slug":"a-editora","status":"publish","type":"page","link":"https:\/\/www.edufma.ufma.br\/index.php\/a-editora\/","title":{"rendered":"A Editora"},"content":{"rendered":"<p style=\"text-align: left;\">A Editora da Universidade Federal do Maranh\u00e3o (EDUFMA) foi criada 28 de julho de 1988 pelo Reitor Jos\u00e9 Maria Cabral Marques, por meio da Resolu\u00e7\u00e3o n\u00ba 1011\/88 \u2013 CD. Nesse per\u00edodo, a EDUFMA esteve ligada \u00e0 Coordenadoria dos \u00d3rg\u00e3os Suplementares (CORSUP).<br \/>\nO Regimento Interno foi criado pelo Reitor Othon de Carvalho Bastos, por meio da Resolu\u00e7\u00e3o n\u00ba 15 \u2013 CONSAD, de 05 de fevereiro de 2002. Em 24 de novembro de 2009, o <a href=\"http:\/\/www.edufma.ufma.br\/wp-content\/uploads\/2014\/07\/Regimento_Interno.pdf\">Regimento_Interno<\/a>\u00a0foi alterado pelo Reitor Natalino Salgado\u00a0Filho, por meio da Resolu\u00e7\u00e3o n\u00ba 101 \u2013 CONSAD. Na oportunidade a EDUFMA passou a ser vinculada \u00e0 Reitoria.<\/p>\n<p style=\"text-align: left;\">A <a href=\"http:\/\/www.edufma.ufma.br\/wp-content\/uploads\/2014\/02\/Politica_editorial.pdf\">Politica Editorial<\/a>\u00a0foi criada pelo Reitor Natalino Salgado\u00a0Filho, por meio da Resolu\u00e7\u00e3o n\u00ba 129-CONSAD, de 13 de mar\u00e7o de 2013. Ainda em 2013,\u00a0foi criado o <a href=\"http:\/\/www.edufma.ufma.br\/wp-content\/uploads\/2014\/02\/Manual-do-Autor.pdf\">Manual do Autor<\/a>, com o objetivo de orientar a elabora\u00e7\u00e3o e a normaliza\u00e7\u00e3o das obras a serem publicadas pela EDUFMA, criando, portanto, uma identidade para a Editora.<\/p>\n<p>Atualmente, a EDUFMA est\u00e1 vinculada ao\u00a0Sistema Integrado de Bibliotecas (SIBi).<\/p>\n<p>&nbsp;<\/p>\n<p>&nbsp;<\/p>\n<p>&nbsp;<\/p>\n<p>&nbsp;<\/p>\n<p>&nbsp;<\/p>\n<p>&nbsp;<\/p>\n","protected":false},"excerpt":{"rendered":"<p>A Editora da Universidade Federal do Maranh\u00e3o (EDUFMA) foi criada 28 de julho de 1988 pelo Reitor Jos\u00e9 Maria Cabral Marques, por meio da Resolu\u00e7\u00e3o n\u00ba 1011\/88 \u2013 CD. Nesse per\u00edodo, a EDUFMA esteve ligada \u00e0 Coordenadoria dos \u00d3rg\u00e3os Suplementares (CORSUP). O Regimento Interno foi criado pelo Reitor Othon de Carvalho Bastos, por meio da Resolu\u00e7\u00e3o n\u00ba 15 \u2013 CONSAD, de 05 de fevereiro de 2002. Em 24 de novembro de 2009, o Regimento_Interno\u00a0foi alterado pelo Reitor Natalino Salgado\u00a0Filho, por meio da Resolu\u00e7\u00e3o n\u00ba 101 \u2013 CONSAD. Na oportunidade a EDUFMA passou a ser vinculada \u00e0 Reitoria. A Politica Editorial\u00a0foi criada pelo Reitor Natalino Salgado\u00a0Filho, por meio da Resolu\u00e7\u00e3o n\u00ba 129-CONSAD, de 13 de mar\u00e7o de 2013. Ainda em 2013,\u00a0foi criado o Manual do Autor, com o objetivo de orientar a elabora\u00e7\u00e3o e a normaliza\u00e7\u00e3o das obras a serem publicadas pela EDUFMA, criando, portanto, uma identidade para a Editora. Atualmente, a EDUFMA est\u00e1 vinculada ao\u00a0Sistema Integrado de Bibliotecas (SIBi). &nbsp; &nbsp; &nbsp; &nbsp; &nbsp; &nbsp;<\/p>\n","protected":false},"author":1,"featured_media":0,"parent":0,"menu_order":0,"comment_status":"open","ping_status":"open","template":"","meta":[],"_links":{"self":[{"href":"https:\/\/www.edufma.ufma.br\/index.php\/wp-json\/wp\/v2\/pages\/275"}],"collection":[{"href":"https:\/\/www.edufma.ufma.br\/index.php\/wp-json\/wp\/v2\/pages"}],"about":[{"href":"https:\/\/www.edufma.ufma.br\/index.php\/wp-json\/wp\/v2\/types\/page"}],"author":[{"embeddable":true,"href":"https:\/\/www.edufma.ufma.br\/index.php\/wp-json\/wp\/v2\/users\/1"}],"replies":[{"embeddable":true,"href":"https:\/\/www.edufma.ufma.br\/index.php\/wp-json\/wp\/v2\/comments?post=275"}],"version-history":[{"count":25,"href":"https:\/\/www.edufma.ufma.br\/index.php\/wp-json\/wp\/v2\/pages\/275\/revisions"}],"predecessor-version":[{"id":7834,"href":"https:\/\/www.edufma.ufma.br\/index.php\/wp-json\/wp\/v2\/pages\/275\/revisions\/7834"}],"wp:attachment":[{"href":"https:\/\/www.edufma.ufma.br\/index.php\/wp-json\/wp\/v2\/media?parent=275"}],"curies":[{"name":"wp","href":"https:\/\/api.w.org\/{rel}","templated":true}]}}